{"id":8,"date":"2018-03-08T16:51:23","date_gmt":"2018-03-08T15:51:23","guid":{"rendered":"https:\/\/www.medienzentrum-spn.de\/impressum\/"},"modified":"2026-05-12T18:13:30","modified_gmt":"2026-05-12T16:13:30","slug":"impressum","status":"publish","type":"page","link":"https:\/\/medienzentrum-spn.de\/s\/impressum\/","title":{"rendered":"Impressum"},"content":{"rendered":"<h3>Name und Kontakt des Anbieters<\/h3>\n<p>Angaben gem\u00e4\u00df \u00a7 5 TMG (Telemediengesetz): Landkreis Spree-Nei\u00dfe\/Wokrejs Sprjewja-Nysa Medienzentrum Landkreis Spree-Nei\u00dfe\/Wokrejs Sprjewja-Nysa K\u00f6rperschaft des \u00f6ffentlichen Rechts (Gebietsk\u00f6rperschaft)<\/p>\n<p>Der Landkreis Spree-Nei\u00dfe ist eine K\u00f6rperschaft des \u00f6ffentlichen Rechts. Er wird vertreten durch Landrat Martin Heusler. Das Medienzentrum Landkreis Spree-Nei\u00dfe\/Wokrejs Sprjewja-Nysa ist Teil dieser K\u00f6rperschaft.<\/p>\n<p>USt-ID-Nr. Landkreis Spree-Nei\u00dfe\/Wokrejs Sprjewja-Nysa: DE172626351<\/p>\n<p>&nbsp;<\/p>\n<h3>Herausgeber<\/h3>\n<p>Medienzentrum Landkreis Spree-Nei\u00dfe\/Wokrejs Sprjewja-Nysa<\/p>\n<p>Heinrich-Heine-Stra\u00dfe 14<\/p>\n<p>03149 Forst (Lausitz)\/Bar\u0161\u0107 (\u0141u\u017eyca)<\/p>\n<p>Tel.: 03562 693812<\/p>\n<p>Fax: 03562 693817<\/p>\n<p>E-Mail:\u00a0<a href=\"mailto:info@medienzentrum-spn.de\">info@medienzentrum-spn.de<\/a><\/p>\n<p>&nbsp;<\/p>\n<h3><strong>Inhaltlich Verantwortliche gem\u00e4\u00df \u00a7 18 MStV sowie \u00a7 18 Abs. 2 MStV<\/strong><\/h3>\n<p>Inhaltlich Verantwortliche gem\u00e4\u00df \u00a7 18 MStV (Medienstaatsvertrag) sowie \u00a7 18 Abs. 2 MStV:<\/p>\n<p>Medienzentrum Landkreis Spree-Nei\u00dfe\/Wokrejs Sprjewja-Nysa<\/p>\n<p>Leiter Medienzentrum<\/p>\n<p>Herr Lucia<\/p>\n<p>Heinrich-Heine-Stra\u00dfe 14<\/p>\n<p>03149 Forst (Lausitz)\/Bar\u0161\u0107 (\u0141u\u017eyca)<\/p>\n<p>Tel.: 03562 693812<\/p>\n<p>Fax: 03562 693817<\/p>\n<p>E-Mail:\u00a0<a href=\"mailto:info@medienzentrum-spn.de\">info@medienzentrum-spn.de<\/a><\/p>\n<p>&nbsp;<\/p>\n<h3><strong>beh\u00f6rdliche Datenschutzbeauftragte<\/strong><\/h3>\n<p>Der beh\u00f6rdliche Datenschutzbeauftragte ist:<\/p>\n<p>Vivien Fischer<\/p>\n<p>Landkreis Spree-Nei\u00dfe\/Wokrejs Sprjewja-Nysa<\/p>\n<p>Heinrich-Heine-Stra\u00dfe 1<\/p>\n<p>03149 Forst (Lausitz)\/Bar\u0161\u0107 (\u0141u\u017eyca)<\/p>\n<p>Deutschland<\/p>\n<p>Tel.:\u00a003562 986-10009<\/p>\n<p>E-Mail:\u00a0<a href=\"mailto:datenschutzbeauftragte@lkspn.de\">datenschutzbeauftragte@lkspn.de<\/a><\/p>\n<p>&nbsp;<\/p>\n<h3><strong>Haftungsausschluss<\/strong><\/h3>\n<p>Das Medienzentrum Landkreis Spree-Nei\u00dfe\/Wokrejs Sprjewja-Nysa ist als Inhaltsanbieter nach \u00a7 7 Abs. 1 Telemediengesetz f\u00fcr die \u201eeigenen Inhalte\u201c, die auf\u00a0<a href=\"https:\/\/www.medienzentrum-spn.de\/\">https:\/\/www.medienzentrum-spn.de\/<\/a>\u00a0zur Nutzung bereitgehalten werden, nach den allgemeinen Gesetzen verantwortlich. Von diesen eigenen Inhalten sind Querverweise (\u201eLinks\u201c) auf die von anderen Anbietern bereitgehaltenen Inhalte zu unterscheiden. Durch den Querverweis h\u00e4lt das Medienzentrum Landkreis Spree-Nei\u00dfe\/Wokrejs Sprjewja-Nysa insofern \u201efremde Inhalte\u201c zur Nutzung bereit. Die externen Links werden durch ein vorangestellte Symbol\u00a0entsprechend gekennzeichnet. Diese fremden Inhalte wurden bei der erstmaligen Link-Setzung daraufhin \u00fcberpr\u00fcft, ob durch sie eine m\u00f6gliche zivilrechtliche oder strafrechtliche Verantwortlichkeit ausgel\u00f6st wird. Es ist jedoch nicht auszuschlie\u00dfen, dass die Inhalte im Nachhinein von den jeweiligen Anbietern ver\u00e4ndert werden. Das Medienzentrum Landkreis Spree-Nei\u00dfe\/Wokrejs Sprjewja-Nysa \u00fcberpr\u00fcft die Inhalte, auf die es in seinem Angebot verweist, nicht st\u00e4ndig auf Ver\u00e4nderungen, die eine Verantwortlichkeit neu begr\u00fcnden k\u00f6nnten. Sollten Sie der Ansicht sein, dass die verlinkten externen Seiten gegen geltendes Recht versto\u00dfen oder sonst unangemessene Inhalte haben, so teilen Sie uns dies bitte mit.<\/p>\n<p>&nbsp;<\/p>\n<h3><strong>Copyright und Disclaimer<\/strong><\/h3>\n<p>Die Homepage, die \u00dcbersichtsseiten sowie die Sammlung der Beitr\u00e4ge in diesem Angebot sind urheberrechtlich gesch\u00fctzt. Die Seiten d\u00fcrfen nur zum privaten Gebrauch vervielf\u00e4ltigt, \u00c4nderungen nicht vorgenommen und Vervielf\u00e4ltigungsst\u00fccke weder verbreitet noch zu \u00f6ffentlichen Wiedergaben benutzt werden. Die einzelnen Beitr\u00e4ge sind ebenfalls urheberrechtlich gesch\u00fctzt.<\/p>\n<p>Das Medienzentrum Landkreis Spree-Nei\u00dfe\/Wokrejs Sprjewja-Nysa \u00fcbernimmt keine Haftung oder Garantie f\u00fcr die Richtigkeit und Vollst\u00e4ndigkeit der auf dieser Website bereitgestellten Informationen und beh\u00e4lt sich das Recht vor, ohne vorherige Ank\u00fcndigung \u00c4nderungen oder Erg\u00e4nzungen der bereitgestellten Informationen vorzunehmen.<\/p>\n<p>Das Medienzentrum Landkreis Spree-Nei\u00dfe\/Wokrejs Sprjewja-Nysa haftet nicht f\u00fcr direkte oder indirekte Sch\u00e4den, einschlie\u00dflich entgangenen Gewinns, die in Verbindung mit auf dieser Website enthaltenen Informationen entstehen k\u00f6nnten. Wir \u00fcbernehmen ferner keine Haftung f\u00fcr die Inhalte anderer Websites, die Sie \u00fcber Hyperlinks vom Angebot des Medienzentrum Landkreis Spree-Nei\u00dfe\/Wokrejs Sprjewja-Nysa aus besuchen k\u00f6nnen. Hierbei handelt es sich um fremde Angebote, auf deren inhaltliche Gestaltung das Medienzentrum Landkreis Spree-Nei\u00dfe\/Wokrejs Sprjewja-Nysa keinen Einfluss hat. Diese Hyperlinks sind eine Serviceleistung des Medienzentrum Landkreis Spree-Nei\u00dfe\/Wokrejs Sprjewja-Nysa. Es ist f\u00fcr die Inhalte jedoch nicht verantwortlich. Sollten Sie Kenntnis von rechtswidrigen Inhalten von Websites anderer Anbieter erhalten, die Sie \u00fcber unser Angebot per Hyperlink besuchen k\u00f6nnen, bitten wir um einen Hinweis, damit wir den Verweis auf das entsprechende Angebot aufheben k\u00f6nnen.<\/p>\n<h3><\/h3>\n<h3><strong>Urheber- und Kennzeichenrecht<\/strong><\/h3>\n<p>Alle Seiten unseres Internetauftrittes unterliegen dem Urheberrecht (Copyright). Dies gilt insbesondere f\u00fcr alle auf der Webseite ver\u00f6ffentlichten Inhalte wie<\/p>\n<ul>\n<li>Texte<\/li>\n<li>Bilder,<\/li>\n<li>Grafiken,<\/li>\n<li>Layout einschlie\u00dflich der Gesamtanordnung auf der Webseite.<\/li>\n<\/ul>\n<p>Eine Vervielf\u00e4ltigung oder Verwendung solcher Texte, auch nur von Teilen, in anderen elektronischen oder gedruckten Publikationen und deren Ver\u00f6ffentlichung \u2013 auch im Internet \u2013 ist nur nach unserer vorherigen schriftlichen Genehmigung gestattet.<\/p>\n<p>Die kommerzielle Nutzung jeglicher Bestandteile dieses Internetauftrittes ist nicht gestattet!<\/p>\n<p>Der Nachdruck und die Auswertung von Pressemitteilungen und Reden sind nur mit korrekter und vollst\u00e4ndiger Quellenangabe gestattet.<\/p>\n<p>Die vorherige, schriftliche Genehmigung zur Publikation der Webseite f\u00fcr eine private, nicht kommerzielle Nutzung kann im Einzelfall das Medienzentrum erteilen.<\/p>\n<p>Die unerlaubte Reproduktion oder Weitergabe einzelner Inhalte oder kompletter Seiten wird straf- und zivilrechtlich verfolgt.<\/p>\n<p>Wir sind bestrebt, die Urheberrechte der verwendeten Bilder, Grafiken, Tondokumente, Videosequenzen und Texte zu beachten, selbst erstellte Bilder, Grafiken, Tondokumente, Videosequenzen und Texte zu nutzen oder auf lizenzfreie Bilder, Grafiken, Tondokumente, Videosequenzen und Texte zur\u00fcckzugreifen. Im Falle der Verlinkung mit der Website der Kommune ist aber jeder Webseitenbetreiber verpflichtet, auf eigene Verantwortung den Inhalt der jeweiligen Seite zu pr\u00fcfen und gegebenenfalls seinen Link zu entfernen.<\/p>\n<p>Alle innerhalb des Internetangebotes genannten und ggf. durch Dritte gesch\u00fctzten Marken- und Kennzeichen unterliegen uneingeschr\u00e4nkt den Bestimmungen des jeweils g\u00fcltigen Kennzeichenrechts und den Besitzrechten der jeweiligen eingetragenen Eigent\u00fcmer. Allein aufgrund der blo\u00dfen Nennung ist nicht der Schluss zu ziehen, dass Markenzeichen nicht durch Rechte Dritter gesch\u00fctzt sind!<\/p>\n<p>Alle Bilder \u2013 soweit nicht anders angegeben \u2013 stammen aus dem Medienzentrum Landkreis Spree-Nei\u00dfe\/Wokrejs Sprjewja-Nysa oder vom hier genannten Vertragspartner. Diese Bilder wurden \u2013 soweit nichts anderes vermerkt ist \u2013 durch Mitarbeiter des Medienzentrum Landkreis Spree-Nei\u00dfe\/Wokrejs Sprjewja-Nysa, im Auftrag oder privat erstellt.<\/p>\n<p>Die Rechte f\u00fcr ver\u00f6ffentlichte, vom Medienzentrum Landkreis Spree-Nei\u00dfe\/Wokrejs Sprjewja-Nysa selbst oder durch Mitarbeiter erstellte urheberrechtlich gesch\u00fctzte Werke bleiben ebenfalls allein beim Medienzentrum Landkreis Spree-Nei\u00dfe\/Wokrejs Sprjewja-Nysa. Eine Vervielf\u00e4ltigung, Verbreitung und\/oder Verarbeitung und\/oder Verwendung solcher Bilder, Grafiken, Tondokumente, Videosequenzen und Texte in anderen elektronischen oder gedruckten Publikationen ist ohne unsere vorherige, ausdr\u00fcckliche, schriftliche Zustimmung nicht gestattet.<\/p>\n<h3><\/h3>\n<h3><strong>Verwendung der E-Mail-Adressen \u2013 Information zur elektronischen Kommunikation<\/strong><\/h3>\n<p>Die angegebenen E-Mail-Adressen dienen zun\u00e4chst grunds\u00e4tzlich der Kommunikation ohne elektronische Signatur und\/oder Verschl\u00fcsselung.<\/p>\n<h3><\/h3>\n<h3><strong>Rechtswirksamkeit<\/strong><\/h3>\n<p>Sofern Teile oder einzelne Formulierungen dieses Textes der geltenden Rechtslage nicht, nicht mehr oder nicht vollst\u00e4ndig entsprechen sollten, bleiben die \u00fcbrigen Teile in ihrem Inhalt und ihrer G\u00fcltigkeit davon unber\u00fchrt.<\/p>\n<h3><\/h3>\n<h3><strong>Konzept. Design. Umsetzung.<\/strong><\/h3>\n<p>chairlines medienagentur<\/p>\n<p>Muskauer Stra\u00dfe 96 d<\/p>\n<p>03130 Spremberg<\/p>\n<p>03563 6080689<\/p>\n<p><a href=\"mailto:info@chairlines.de\">info@chairlines.de<\/a><\/p>\n<p><a href=\"http:\/\/www.chairlines.de\/\">www.chairlines.de<\/a><\/p>\n<h5><!-- notionvc: 0ffb8c88-7eac-43ba-b7b7-4192161fa96e --><\/h5>\n","protected":false},"excerpt":{"rendered":"<p>Name und Kontakt des Anbieters Angaben gem\u00e4\u00df \u00a7 5 TMG (Telemediengesetz): Landkreis Spree-Nei\u00dfe\/Wokrejs Sprjewja-Nysa Medienzentrum Landkreis Spree-Nei\u00dfe\/Wokrejs Sprjewja-Nysa K\u00f6rperschaft des \u00f6ffentlichen Rechts (Gebietsk\u00f6rperschaft) Der Landkreis Spree-Nei\u00dfe ist eine K\u00f6rperschaft des [&hellip;]<\/p>\n","protected":false},"author":1,"featured_media":0,"parent":0,"menu_order":999,"comment_status":"closed","ping_status":"closed","template":"","meta":{"inline_featured_image":false,"footnotes":""},"class_list":["post-8","page","type-page","status-publish","hentry"],"_links":{"self":[{"href":"https:\/\/medienzentrum-spn.de\/s\/wp-json\/wp\/v2\/pages\/8","targetHints":{"allow":["GET"]}}],"collection":[{"href":"https:\/\/medienzentrum-spn.de\/s\/wp-json\/wp\/v2\/pages"}],"about":[{"href":"https:\/\/medienzentrum-spn.de\/s\/wp-json\/wp\/v2\/types\/page"}],"author":[{"embeddable":true,"href":"https:\/\/medienzentrum-spn.de\/s\/wp-json\/wp\/v2\/users\/1"}],"replies":[{"embeddable":true,"href":"https:\/\/medienzentrum-spn.de\/s\/wp-json\/wp\/v2\/comments?post=8"}],"version-history":[{"count":6,"href":"https:\/\/medienzentrum-spn.de\/s\/wp-json\/wp\/v2\/pages\/8\/revisions"}],"predecessor-version":[{"id":1723,"href":"https:\/\/medienzentrum-spn.de\/s\/wp-json\/wp\/v2\/pages\/8\/revisions\/1723"}],"wp:attachment":[{"href":"https:\/\/medienzentrum-spn.de\/s\/wp-json\/wp\/v2\/media?parent=8"}],"curies":[{"name":"wp","href":"https:\/\/api.w.org\/{rel}","templated":true}]}}